{"id":2187,"date":"2021-06-19T20:23:18","date_gmt":"2021-06-19T20:23:18","guid":{"rendered":"https:\/\/rdpwindows.com?page_id=2187"},"modified":"2023-01-05T20:22:43","modified_gmt":"2023-01-05T20:22:43","slug":"tos","status":"publish","type":"page","link":"https:\/\/rdpwindows.com\/es\/tos\/","title":{"rendered":"T\u00e9rminos de servicio"},"content":{"rendered":"\t\t<div data-elementor-type=\"wp-page\" data-elementor-id=\"2187\" class=\"elementor elementor-2187\">\n\t\t\t\t\t\t<section class=\"elementor-section elementor-top-section elementor-element elementor-element-52a92dd static-padding-element elementor-section-boxed elementor-section-height-default elementor-section-height-default\" data-id=\"52a92dd\" data-element_type=\"section\" data-e-type=\"section\" data-settings=\"{&quot;background_background&quot;:&quot;classic&quot;}\">\n\t\t\t\t\t\t\t<div class=\"elementor-background-overlay\"><\/div>\n\t\t\t\t\t\t\t<div class=\"elementor-container elementor-column-gap-default\">\n\t\t\t\t\t<div class=\"elementor-column elementor-col-100 elementor-top-column elementor-element elementor-element-147b3a95\" data-id=\"147b3a95\" data-element_type=\"column\" data-e-type=\"column\">\n\t\t\t<div class=\"elementor-widget-wrap elementor-element-populated\">\n\t\t\t\t\t\t<div class=\"elementor-element elementor-element-3ecddf14 elementor-widget elementor-widget-wdes-section-header-widget\" data-id=\"3ecddf14\" data-element_type=\"widget\" data-e-type=\"widget\" data-widget_type=\"wdes-section-header-widget.default\">\n\t\t\t\t<div class=\"elementor-widget-container\">\n\t\t\t\t\t<section class=\"widget-content wdes-widget-section-header\"><div class=\"wdes-widget-inner wdes-text-align-center \"><h1 class=\"wdes-section-header-primary\">T\u00e9rminos de servicio<\/h1><div class=\"wdes-section-header-description\"><p>Lee aqu\u00ed nuestras reglas para evitar una suspensi\u00f3n<\/p><\/div><\/div><\/section>\t\t\t\t<\/div>\n\t\t\t\t<\/div>\n\t\t\t\t\t<\/div>\n\t\t<\/div>\n\t\t\t\t\t<\/div>\n\t\t<\/section>\n\t\t\t\t<section class=\"elementor-section elementor-top-section elementor-element elementor-element-271f826e static-padding-element elementor-section-boxed elementor-section-height-default elementor-section-height-default\" data-id=\"271f826e\" data-element_type=\"section\" data-e-type=\"section\" data-settings=\"{&quot;background_background&quot;:&quot;classic&quot;}\">\n\t\t\t\t\t\t<div class=\"elementor-container elementor-column-gap-default\">\n\t\t\t\t\t<div class=\"elementor-column elementor-col-100 elementor-top-column elementor-element elementor-element-66052ee9\" data-id=\"66052ee9\" data-element_type=\"column\" data-e-type=\"column\">\n\t\t\t<div class=\"elementor-widget-wrap elementor-element-populated\">\n\t\t\t\t\t\t<div class=\"elementor-element elementor-element-2ac5fe55 elementor-widget elementor-widget-wdes-section-header-widget\" data-id=\"2ac5fe55\" data-element_type=\"widget\" data-e-type=\"widget\" data-widget_type=\"wdes-section-header-widget.default\">\n\t\t\t\t<div class=\"elementor-widget-container\">\n\t\t\t\t\t<section class=\"widget-content wdes-widget-section-header\"><div class=\"wdes-widget-inner wdes-text-align-center \"><h2 class=\"wdes-section-header-primary\">T\u00e9rminos de servicio<\/h2><div class=\"wdes-section-header-description\"><p><\/p>\n<div id=\"dslc-theme-content-inner\">\n<p style=\"text-align: center;\">Al comprar y usar un RDP de RDPWindows, usted acepta que esta de acuerdo con los t\u00e9rminos y condiciones establecidos en esta p\u00e1gina.\u00a0Usted estar\u00e1 sujeto a cualquier regla o gu\u00eda de uso correspondiente que se haya publicado para dichos servicios.\u00a0Todo uso de este servicio constituir\u00e1 la aceptaci\u00f3n de este acuerdo. Si no acepta cumplir con lo anterior, no compre.<\/p>\n<p>\u00a0<\/p>\n<h3 class=\"wp-block-heading\"><u>Herramientas \/ Software PROHIBIDO:<\/u><\/h3>\n<ol>\n<li>Herramientas VPN (Estrictamente prohibido)<\/li>\n<li>Traffic Surfing (Solo se permite en\u00a0<a href=\"https:\/\/rdpwindows.com\/buy-admin-rdp\/\">Admin RDP Plans<\/a>)<\/li>\n<li>Cracking \"Checkers\" (Solo se permite en\u00a0<a href=\"https:\/\/rdpwindows.com\/buy-admin-rdp\/\">Admin RDP Plans<\/a>)<\/li>\n<li>Escaneo de Puertos\/Redes (Estrictamente prohibido)<\/li>\n<li>Programas Proxy (Estrictamente prohibido)<\/li>\n<li>Herramientas de Miner\u00eda de criptomonedas (Estrictamente prohibido)<\/li>\n<li>Envio de Emails masivos<\/li>\n<li>Smart Serial<\/li>\n<li>hscan<\/li>\n<li>DUBrute<\/li>\n<li>UDP Unicorn<\/li>\n<li>Cualquier otro programa similar.<\/li>\n<\/ol>\n<h3><strong>Pol\u00edtica de Uso de Recursos:<\/strong><\/h3>\n<p><strong>Uso de banda ancha:<\/strong> Todas las cuentas RDP cuentan con banda ancha ilimitada seg\u00fan los planes seleccionados. Se les pide a los clientes que lo usen con cuidado. Nos reservamos el derecho de revisar o modificar esto en cualquier momento si consideramos que esto est\u00e1 afectando al servidor o al rendimiento de la red.<\/p>\n<p><strong>Uso de RAM y CPU (No aplica a <a href=\"https:\/\/rdpwindows.com\/buy-admin-rdp\/\">Admin RDP<\/a>):<\/strong> Nos reservamos el derecho de controlar el rendimiento de la RAM y la CPU de nuestros servidores en todo momento. El uso ideal de RAM \/ CPU ser\u00eda menos del 1% de los recursos del servidor. Nos reservamos el derecho de suspender los servicios (temporal o permanentemente) si descubrimos que el uso elevado de RAM \/ CPU est\u00e1 afectando el rendimiento del servidor.<\/p>\n<h3><strong>Actividades prohibidas<\/strong><\/h3>\n<p>Cualquier intento de da\u00f1ar cualquier servidor o cliente est\u00e1 totalmente prohibido. Como nuestro cliente, usted es responsable de todas las acciones llevadas a cabo desde su RDP. En caso de una violaci\u00f3n de T\u00e9rminos de los Servicios descritos aqu\u00ed, su cuenta ser\u00e1 cancelada sin ning\u00fan reembolso. Contra la violaci\u00f3n de ToS, tenemos los derechos de revisar sus archivos \/ servidor e investigarlo y \/ o buscar en los registros del servidor.<\/p>\n<div id=\"dslc-theme-content-inner\">\n<p>Se proh\u00edbe cualquier programa que pueda da\u00f1ar los servidores RDP de RDPWindows.com<\/p>\n<\/div>\n<h3>Almacenamiento de contenido y pol\u00edtica de respaldo:<\/h3>\n<p>Todos lo almacenado en nuestros servidores por el cliente es responsabilidad del cliente y RDPWindows.com no tiene ninguna responsabilidad para mantener las copias de seguridad (Backup) de dicho contenido. Es responsabilidad del cliente realizar copias de seguridad peri\u00f3dicas del contenido almacenado en el servidor.<\/p>\n<div id=\"dslc-theme-content-inner\">\n<h3><strong>Instalaci\u00f3n de RDP\/VPS\/Servidor:<\/strong><\/h3>\n<p><strong>RDP<\/strong>: Los RDP tienen Activaci\u00f3n inmediata, no esperar\u00e1 m\u00e1s de 5 segundos para su RDP<\/p>\n<\/div>\n<p><strong>VPS\/RDP Admin:<\/strong>\u00a0Los VPS\/RDP Admin generalmente se crean en la primera hora de confirmaci\u00f3n de pago; puede confirmarlo con nuestro equipo de ventas antes\/despu\u00e9s de realizar un pedido, ya que puede retrasarse a veces debido a la disponibilidad del servidor.<\/p>\n<h3><strong>Pol\u00edtica de Reembolso:<\/strong><\/h3>\n<p>Nuestra pol\u00edtica de reembolsos solo nos permite reembolsar en las primeras 48 horas posteriores a la compra del rdp<\/p>\n<p>Para reembolsos por cancelaci\u00f3n, NO reembolsaremos cargos parciales a las cuentas<\/p>\n<h3>Denegaci\u00f3n de servicio<\/h3>\n<p>Nos reservamos el derecho de negar, cancelar o suspender el servicio, si notamos un uso prohibido del servicio. Todos los servidores dedicados, RDP o VPS deben cumplir las reglas anteriores, con la excepci\u00f3n de las reglas de los recursos del sistema en relaci\u00f3n con los servidores dedicados y Admin RDP.<\/p>\n<h3><strong>Descargo de responsabilidad:<\/strong><\/h3>\n<p>RDP Windows no es responsable de la p\u00e9rdida de datos\/archivos alojados en nuestros servidores. Cada archivo es responsabilidad del usuario y, por lo tanto, la copia de seguridad debe ser realizada por el mismo usuario.<\/p>\n<p>En el momento de la compra, usted acepta indemnizar y exonerar a RDPWindows de cualquier reclamaci\u00f3n que resulte del mal uso del servicio.<\/p>\n<p>Adem\u00e1s, no somos responsables de lo que se transmite desde nuestros servidores.<\/p>\n<p>El incumplimiento de cualquier t\u00e9rmino o condici\u00f3n dar\u00e1 como resultado la desactivaci\u00f3n autom\u00e1tica de la cuenta del usuario. Nos reservamos el derecho de eliminar cualquier cuenta, sin previo aviso por cualquier motivo, sin ning\u00fan reembolso, seg\u00fan lo considere RDPWindows.<\/p>\n<h3><strong>En el momento en que se active su RDP\/VPS\/Servidor:<\/strong><\/h3>\n<p>Al activar su cuenta RDPWindows, usted acepta las pol\u00edticas y descargos de responsabilidad anteriores. Al solicitar la activaci\u00f3n de una cuenta, debe aceptar estas pol\u00edticas, directrices y descargo de responsabilidad, al entregar un RDP, siempre enviaremos los datos junto con un enlace a estos t\u00e9rminos.<\/p>\n<\/div>\n<p><\/p><\/div><\/div><\/section>\t\t\t\t<\/div>\n\t\t\t\t<\/div>\n\t\t\t\t\t<\/div>\n\t\t<\/div>\n\t\t\t\t\t<\/div>\n\t\t<\/section>\n\t\t\t\t<\/div>\n\t\t","protected":false},"excerpt":{"rendered":"<p>T\u00e9rminos de servicio Lee aqu\u00ed nuestras reglas para evitar una suspensi\u00f3n T\u00e9rminos de servicio Al comprar y usar un RDP de RDPWindows, usted acepta que esta de acuerdo con los t\u00e9rminos y condiciones establecidos en esta p\u00e1gina.\u00a0Usted estar\u00e1 sujeto a cualquier regla o gu\u00eda de uso correspondiente que se haya publicado para dichos servicios.\u00a0Todo uso [&hellip;]<\/p>\n","protected":false},"author":1,"featured_media":0,"parent":0,"menu_order":0,"comment_status":"closed","ping_status":"open","template":"","meta":{"footnotes":""},"class_list":["post-2187","page","type-page","status-publish","hentry"],"_links":{"self":[{"href":"https:\/\/rdpwindows.com\/es\/wp-json\/wp\/v2\/pages\/2187","targetHints":{"allow":["GET"]}}],"collection":[{"href":"https:\/\/rdpwindows.com\/es\/wp-json\/wp\/v2\/pages"}],"about":[{"href":"https:\/\/rdpwindows.com\/es\/wp-json\/wp\/v2\/types\/page"}],"author":[{"embeddable":true,"href":"https:\/\/rdpwindows.com\/es\/wp-json\/wp\/v2\/users\/1"}],"replies":[{"embeddable":true,"href":"https:\/\/rdpwindows.com\/es\/wp-json\/wp\/v2\/comments?post=2187"}],"version-history":[{"count":0,"href":"https:\/\/rdpwindows.com\/es\/wp-json\/wp\/v2\/pages\/2187\/revisions"}],"wp:attachment":[{"href":"https:\/\/rdpwindows.com\/es\/wp-json\/wp\/v2\/media?parent=2187"}],"curies":[{"name":"wp","href":"https:\/\/api.w.org\/{rel}","templated":true}]}}